{"id":12544,"date":"2024-07-18T15:09:20","date_gmt":"2024-07-18T13:09:20","guid":{"rendered":"https:\/\/www.loyco.ch\/untrusted\/"},"modified":"2024-07-18T15:09:20","modified_gmt":"2024-07-18T13:09:20","slug":"untrusted","status":"publish","type":"page","link":"https:\/\/www.loyco.ch\/de\/untrusted\/","title":{"rendered":"untrusted"},"content":{"rendered":"<h2 style=\"text-align: center;\">Eingeschr\u00e4nkter Zugang<\/h2>\n<p style=\"text-align: center;\">Sie wurden auf diese Seite weitergeleitet, weil das Netzwerk, das Sie derzeit nutzen, von Ihrem Unternehmen nicht als sicher anerkannt wird. Um sensible Informationen zu sch\u00fctzen und eine sichere Umgebung aufrechtzuerhalten, ist der Zugriff auf unsere Anwendungen von nicht genehmigten Netzwerken aus eingeschr\u00e4nkt. Bitte verbinden Sie sich mit einem zuverl\u00e4ssigen und von Ihrem Unternehmen genehmigten Netzwerk, um unsere Anwendungen weiterhin nutzen zu k\u00f6nnen. Wenn Sie Fragen haben oder Unterst\u00fctzung ben\u00f6tigen, wenden Sie sich bitte an den technischen Support Ihres Unternehmens. Vielen Dank f\u00fcr Ihr Verst\u00e4ndnis und Ihre Kooperation.<\/p>\n","protected":false},"excerpt":{"rendered":"<p>Eingeschr\u00e4nkter Zugang Sie wurden auf diese Seite weitergeleitet, weil das Netzwerk, das Sie derzeit nutzen, von Ihrem Unternehmen nicht als sicher anerkannt wird. Um sensible Informationen zu sch\u00fctzen und eine sichere Umgebung aufrechtzuerhalten, ist der Zugriff auf unsere Anwendungen von nicht genehmigten Netzwerken aus eingeschr\u00e4nkt. Bitte verbinden Sie sich mit einem zuverl\u00e4ssigen und von Ihrem [&hellip;]<\/p>\n","protected":false},"author":3,"featured_media":0,"parent":0,"menu_order":0,"comment_status":"closed","ping_status":"closed","template":"","meta":{"_acf_changed":false,"footnotes":""},"class_list":["post-12544","page","type-page","status-publish","hentry"],"acf":[],"_links":{"self":[{"href":"https:\/\/www.loyco.ch\/de\/wp-json\/wp\/v2\/pages\/12544","targetHints":{"allow":["GET"]}}],"collection":[{"href":"https:\/\/www.loyco.ch\/de\/wp-json\/wp\/v2\/pages"}],"about":[{"href":"https:\/\/www.loyco.ch\/de\/wp-json\/wp\/v2\/types\/page"}],"author":[{"embeddable":true,"href":"https:\/\/www.loyco.ch\/de\/wp-json\/wp\/v2\/users\/3"}],"replies":[{"embeddable":true,"href":"https:\/\/www.loyco.ch\/de\/wp-json\/wp\/v2\/comments?post=12544"}],"version-history":[{"count":0,"href":"https:\/\/www.loyco.ch\/de\/wp-json\/wp\/v2\/pages\/12544\/revisions"}],"wp:attachment":[{"href":"https:\/\/www.loyco.ch\/de\/wp-json\/wp\/v2\/media?parent=12544"}],"curies":[{"name":"wp","href":"https:\/\/api.w.org\/{rel}","templated":true}]}}